{"id":14,"date":"2017-11-10T20:53:29","date_gmt":"2017-11-10T19:53:29","guid":{"rendered":"http:\/\/127.0.0.1\/wordpress\/?page_id=14"},"modified":"2025-12-17T12:50:41","modified_gmt":"2025-12-17T11:50:41","slug":"aktuelle-termine","status":"publish","type":"page","link":"https:\/\/ew-info.de\/?page_id=14","title":{"rendered":"Aktuelles"},"content":{"rendered":"<p><span style=\"color: #800000;\"><strong>Die Praxis ist vom 22.12.2025 bis 06.01.2026 geschlossen. <\/strong><\/span><span style=\"color: #800000;\"><strong>Ich w\u00fcnsche allen ein frohes Fest und alles Gute f\u00fcr 2026!<\/strong><\/span><\/p>\n<p><strong>Aktuell geplante \u00f6ffentliche Vortr\u00e4ge bei Kooperationspartnern (Anmeldung direkt bei jeweiligem Veranstalter!):<\/strong><\/p>\n<ul style=\"list-style-type: square;\">\n<li>25.03.2026 &#8222;Diabetes &#8211; Volkskrankheit mit Heilungschancen&#8220;, VHS Ingolstadt<\/li>\n<li>15.04.2026 &#8222;Mikrobiom und Darm &#8211; Zwei oft untersch\u00e4tzte Teamplayer&#8220;, VHS Ingolstadt<\/li>\n<\/ul>\n<p><strong>Einzelberatungen sind nach Vorabsprache auch online m\u00f6glich.<\/strong><\/p>\n<p><strong>Neben den gesetzlichen Krankenkassen \u00fcbernehmen auch die Beihilfe und z.T. private Versicherungen einen Teil der Kosten f\u00fcr eine Ern\u00e4hrungsberatung &#8211; nachfragen lohnt sich!<\/strong><\/p>\n<p><strong>Die AOK Bayern \u00fcbernimmt zur Zeit keine Kosten f\u00fcr eine Ern\u00e4hrungsberatung &#8211; sie bietet eine kostenlose Online-Beratung an, bitte erkundigen Sie sich direkt bei Ihrer AOK.<\/strong><\/p>\n","protected":false},"excerpt":{"rendered":"<p>Die Praxis ist vom 22.12.2025 bis 06.01.2026 geschlossen. Ich w\u00fcnsche allen ein frohes Fest und alles Gute f\u00fcr 2026! Aktuell geplante \u00f6ffentliche Vortr\u00e4ge bei Kooperationspartnern (Anmeldung direkt bei jeweiligem Veranstalter!): &#8230;<\/p>\n","protected":false},"author":1,"featured_media":0,"parent":0,"menu_order":0,"comment_status":"closed","ping_status":"closed","template":"","meta":{"footnotes":""},"class_list":["post-14","page","type-page","status-publish","hentry"],"yoast_head":"<!-- This site is optimized with the Yoast SEO plugin v27.4 - https:\/\/yoast.com\/product\/yoast-seo-wordpress\/ -->\n<title>Aktuelles - Ern\u00e4hrungsberatung &amp; wissenschaftliche Information<\/title>\n<meta name=\"robots\" content=\"index, follow, max-snippet:-1, max-image-preview:large, max-video-preview:-1\" \/>\n<link rel=\"canonical\" href=\"https:\/\/ew-info.de\/?page_id=14\" \/>\n<meta property=\"og:locale\" content=\"de_DE\" \/>\n<meta property=\"og:type\" content=\"article\" \/>\n<meta property=\"og:title\" content=\"Aktuelles - Ern\u00e4hrungsberatung &amp; wissenschaftliche Information\" \/>\n<meta property=\"og:description\" content=\"Die Praxis ist vom 22.12.2025 bis 06.01.2026 geschlossen. Ich w\u00fcnsche allen ein frohes Fest und alles Gute f\u00fcr 2026! Aktuell geplante \u00f6ffentliche Vortr\u00e4ge bei Kooperationspartnern (Anmeldung direkt bei jeweiligem Veranstalter!): ...\" \/>\n<meta property=\"og:url\" content=\"https:\/\/ew-info.de\/?page_id=14\" \/>\n<meta property=\"og:site_name\" content=\"Ern\u00e4hrungsberatung &amp; wissenschaftliche Information\" \/>\n<meta property=\"article:modified_time\" content=\"2025-12-17T11:50:41+00:00\" \/>\n<meta name=\"twitter:card\" content=\"summary_large_image\" \/>\n<meta name=\"twitter:label1\" content=\"Gesch\u00e4tzte Lesezeit\" \/>\n\t<meta name=\"twitter:data1\" content=\"1\u00a0Minute\" \/>\n<script type=\"application\/ld+json\" class=\"yoast-schema-graph\">{\"@context\":\"https:\\\/\\\/schema.org\",\"@graph\":[{\"@type\":\"WebPage\",\"@id\":\"https:\\\/\\\/ew-info.de\\\/?page_id=14\",\"url\":\"https:\\\/\\\/ew-info.de\\\/?page_id=14\",\"name\":\"Aktuelles - Ern\u00e4hrungsberatung &amp; wissenschaftliche Information\",\"isPartOf\":{\"@id\":\"https:\\\/\\\/ew-info.de\\\/#website\"},\"datePublished\":\"2017-11-10T19:53:29+00:00\",\"dateModified\":\"2025-12-17T11:50:41+00:00\",\"breadcrumb\":{\"@id\":\"https:\\\/\\\/ew-info.de\\\/?page_id=14#breadcrumb\"},\"inLanguage\":\"de\",\"potentialAction\":[{\"@type\":\"ReadAction\",\"target\":[\"https:\\\/\\\/ew-info.de\\\/?page_id=14\"]}]},{\"@type\":\"BreadcrumbList\",\"@id\":\"https:\\\/\\\/ew-info.de\\\/?page_id=14#breadcrumb\",\"itemListElement\":[{\"@type\":\"ListItem\",\"position\":1,\"name\":\"Startseite\",\"item\":\"https:\\\/\\\/ew-info.de\\\/\"},{\"@type\":\"ListItem\",\"position\":2,\"name\":\"Aktuelles\"}]},{\"@type\":\"WebSite\",\"@id\":\"https:\\\/\\\/ew-info.de\\\/#website\",\"url\":\"https:\\\/\\\/ew-info.de\\\/\",\"name\":\"Ern\u00e4hrungsberatung wissenschaftliche Information\",\"description\":\"Ern\u00e4hrungsberatung und Ern\u00e4hrungstherapie\",\"publisher\":{\"@id\":\"https:\\\/\\\/ew-info.de\\\/#\\\/schema\\\/person\\\/324c7e122eef6719f6d03f9e19a193c2\"},\"potentialAction\":[{\"@type\":\"SearchAction\",\"target\":{\"@type\":\"EntryPoint\",\"urlTemplate\":\"https:\\\/\\\/ew-info.de\\\/?s={search_term_string}\"},\"query-input\":{\"@type\":\"PropertyValueSpecification\",\"valueRequired\":true,\"valueName\":\"search_term_string\"}}],\"inLanguage\":\"de\"},{\"@type\":[\"Person\",\"Organization\"],\"@id\":\"https:\\\/\\\/ew-info.de\\\/#\\\/schema\\\/person\\\/324c7e122eef6719f6d03f9e19a193c2\",\"name\":\"Daniela\",\"image\":{\"@type\":\"ImageObject\",\"inLanguage\":\"de\",\"@id\":\"https:\\\/\\\/ew-info.de\\\/wp-content\\\/uploads\\\/cropped-ewi_kl.gif\",\"url\":\"https:\\\/\\\/ew-info.de\\\/wp-content\\\/uploads\\\/cropped-ewi_kl.gif\",\"contentUrl\":\"https:\\\/\\\/ew-info.de\\\/wp-content\\\/uploads\\\/cropped-ewi_kl.gif\",\"width\":95,\"height\":116,\"caption\":\"Daniela\"},\"logo\":{\"@id\":\"https:\\\/\\\/ew-info.de\\\/wp-content\\\/uploads\\\/cropped-ewi_kl.gif\"},\"sameAs\":[\"https:\\\/\\\/ew-info.de\"]}]}<\/script>\n<!-- \/ Yoast SEO plugin. -->","yoast_head_json":{"title":"Aktuelles - Ern\u00e4hrungsberatung &amp; wissenschaftliche Information","robots":{"index":"index","follow":"follow","max-snippet":"max-snippet:-1","max-image-preview":"max-image-preview:large","max-video-preview":"max-video-preview:-1"},"canonical":"https:\/\/ew-info.de\/?page_id=14","og_locale":"de_DE","og_type":"article","og_title":"Aktuelles - Ern\u00e4hrungsberatung &amp; wissenschaftliche Information","og_description":"Die Praxis ist vom 22.12.2025 bis 06.01.2026 geschlossen. Ich w\u00fcnsche allen ein frohes Fest und alles Gute f\u00fcr 2026! Aktuell geplante \u00f6ffentliche Vortr\u00e4ge bei Kooperationspartnern (Anmeldung direkt bei jeweiligem Veranstalter!): ...","og_url":"https:\/\/ew-info.de\/?page_id=14","og_site_name":"Ern\u00e4hrungsberatung &amp; wissenschaftliche Information","article_modified_time":"2025-12-17T11:50:41+00:00","twitter_card":"summary_large_image","twitter_misc":{"Gesch\u00e4tzte Lesezeit":"1\u00a0Minute"},"schema":{"@context":"https:\/\/schema.org","@graph":[{"@type":"WebPage","@id":"https:\/\/ew-info.de\/?page_id=14","url":"https:\/\/ew-info.de\/?page_id=14","name":"Aktuelles - Ern\u00e4hrungsberatung &amp; wissenschaftliche Information","isPartOf":{"@id":"https:\/\/ew-info.de\/#website"},"datePublished":"2017-11-10T19:53:29+00:00","dateModified":"2025-12-17T11:50:41+00:00","breadcrumb":{"@id":"https:\/\/ew-info.de\/?page_id=14#breadcrumb"},"inLanguage":"de","potentialAction":[{"@type":"ReadAction","target":["https:\/\/ew-info.de\/?page_id=14"]}]},{"@type":"BreadcrumbList","@id":"https:\/\/ew-info.de\/?page_id=14#breadcrumb","itemListElement":[{"@type":"ListItem","position":1,"name":"Startseite","item":"https:\/\/ew-info.de\/"},{"@type":"ListItem","position":2,"name":"Aktuelles"}]},{"@type":"WebSite","@id":"https:\/\/ew-info.de\/#website","url":"https:\/\/ew-info.de\/","name":"Ern\u00e4hrungsberatung wissenschaftliche Information","description":"Ern\u00e4hrungsberatung und Ern\u00e4hrungstherapie","publisher":{"@id":"https:\/\/ew-info.de\/#\/schema\/person\/324c7e122eef6719f6d03f9e19a193c2"},"potentialAction":[{"@type":"SearchAction","target":{"@type":"EntryPoint","urlTemplate":"https:\/\/ew-info.de\/?s={search_term_string}"},"query-input":{"@type":"PropertyValueSpecification","valueRequired":true,"valueName":"search_term_string"}}],"inLanguage":"de"},{"@type":["Person","Organization"],"@id":"https:\/\/ew-info.de\/#\/schema\/person\/324c7e122eef6719f6d03f9e19a193c2","name":"Daniela","image":{"@type":"ImageObject","inLanguage":"de","@id":"https:\/\/ew-info.de\/wp-content\/uploads\/cropped-ewi_kl.gif","url":"https:\/\/ew-info.de\/wp-content\/uploads\/cropped-ewi_kl.gif","contentUrl":"https:\/\/ew-info.de\/wp-content\/uploads\/cropped-ewi_kl.gif","width":95,"height":116,"caption":"Daniela"},"logo":{"@id":"https:\/\/ew-info.de\/wp-content\/uploads\/cropped-ewi_kl.gif"},"sameAs":["https:\/\/ew-info.de"]}]}},"_links":{"self":[{"href":"https:\/\/ew-info.de\/index.php?rest_route=\/wp\/v2\/pages\/14","targetHints":{"allow":["GET"]}}],"collection":[{"href":"https:\/\/ew-info.de\/index.php?rest_route=\/wp\/v2\/pages"}],"about":[{"href":"https:\/\/ew-info.de\/index.php?rest_route=\/wp\/v2\/types\/page"}],"author":[{"embeddable":true,"href":"https:\/\/ew-info.de\/index.php?rest_route=\/wp\/v2\/users\/1"}],"replies":[{"embeddable":true,"href":"https:\/\/ew-info.de\/index.php?rest_route=%2Fwp%2Fv2%2Fcomments&post=14"}],"version-history":[{"count":10,"href":"https:\/\/ew-info.de\/index.php?rest_route=\/wp\/v2\/pages\/14\/revisions"}],"predecessor-version":[{"id":324,"href":"https:\/\/ew-info.de\/index.php?rest_route=\/wp\/v2\/pages\/14\/revisions\/324"}],"wp:attachment":[{"href":"https:\/\/ew-info.de\/index.php?rest_route=%2Fwp%2Fv2%2Fmedia&parent=14"}],"curies":[{"name":"wp","href":"https:\/\/api.w.org\/{rel}","templated":true}]}}