{"id":19,"date":"2017-11-10T21:10:54","date_gmt":"2017-11-10T20:10:54","guid":{"rendered":"http:\/\/127.0.0.1\/wordpress\/?page_id=19"},"modified":"2025-03-19T12:10:28","modified_gmt":"2025-03-19T11:10:28","slug":"ernaehrungstherapie","status":"publish","type":"page","link":"https:\/\/ew-info.de\/?page_id=19","title":{"rendered":"Therapie"},"content":{"rendered":"<p><strong>Individuelle Beratung (Therapie \u00a7 43 SGB V)<a href=\"https:\/\/e-zert.de\"><img loading=\"lazy\" decoding=\"async\" class=\"alignright wp-image-275\" src=\"https:\/\/ew-info.de\/wp-content\/uploads\/E-Zert_Zertifizierte-Fachkraft_vs-4-300x255.png\" alt=\"E-Zert-Logo\" width=\"91\" height=\"77\" srcset=\"https:\/\/ew-info.de\/wp-content\/uploads\/E-Zert_Zertifizierte-Fachkraft_vs-4-300x255.png 300w, https:\/\/ew-info.de\/wp-content\/uploads\/E-Zert_Zertifizierte-Fachkraft_vs-4.png 684w\" sizes=\"auto, (max-width: 91px) 100vw, 91px\" \/><\/a><a href=\"https:\/\/www.vdoe.de\/zertifikat-ernaehrungsberater.html\" target=\"_blank\" rel=\"noopener noreferrer\"><img loading=\"lazy\" decoding=\"async\" class=\"alignright wp-image-216 size-full\" src=\"https:\/\/ew-info.de\/wp-content\/uploads\/ZertEBin_VDOE_Logo2014_Web.jpg\" alt=\"Zertifikat VDOE\" width=\"89\" height=\"72\" \/><\/a><\/strong><\/p>\n<p>Beratung aufgrund einer <a href=\"https:\/\/ew-info.de\/wp-content\/uploads\/23-09-01__Aerztliche_Notwendigkeitsbescheinigung_beschreibbar-1.pdf\"><strong><span style=\"color: #3366ff;\">\u00e4rztlichen Notwendigkeitsbescheinigung<\/span><\/strong>.<\/a><span style=\"text-decoration: underline;\"><span style=\"color: #3366ff;\"><strong><a style=\"color: #3366ff; text-decoration: underline;\" href=\"http:\/\/127.0.0.1\/wordpress\/wp-content\/uploads\/ZertEBin_VDOE_Logo2014_klein.tiff\"><img loading=\"lazy\" decoding=\"async\" class=\"alignnone size-medium wp-image-127\" src=\"http:\/\/127.0.0.1\/wordpress\/wp-content\/uploads\/ZertEBin_VDOE_Logo2014_klein.tiff\" alt=\"\" width=\"1\" height=\"1\" \/><\/a><\/strong><\/span><\/span><\/p>\n<p>Vorab ist eine Beantragung f\u00fcr die Kostenerstattung durch die Krankenkasse erforderlich, dazu erstelle ich Ihnen gerne einen Kostenvoranschlag. Bei Fragen zur Abwicklung rufen Sie mich einfach an!<\/p>\n<p>Individuelle Beratung z.B. bei Nahrungsmittelunvertr\u00e4glichkeiten, Lebensmittelallergien, Reizdarm, anderen Darmerkrankungen, Stoffwechselerkrankungen, \u00dcbergewicht, Bluthochdruck, Metabolischem Syndrom, Diabetes, <strong><span style=\"text-decoration: underline; color: #3366ff;\"><a style=\"color: #3366ff; text-decoration: underline;\" href=\"https:\/\/www.leberfasten.com\/\">Fettleber<\/a><\/span><\/strong><\/p>\n<p>Wenn Sie eine Beratung in Anspruch nehmen m\u00f6chten, bitten Sie Ihren Arzt um eine \u00e4rztliche Notwendigkeitsbescheinigung, er kann die \u00dcberweisung budgetneutral ausstellen.<\/p>\n","protected":false},"excerpt":{"rendered":"<p>Individuelle Beratung (Therapie \u00a7 43 SGB V) Beratung aufgrund einer \u00e4rztlichen Notwendigkeitsbescheinigung. Vorab ist eine Beantragung f\u00fcr die Kostenerstattung durch die Krankenkasse erforderlich, dazu erstelle ich Ihnen gerne einen Kostenvoranschlag. &#8230;<\/p>\n","protected":false},"author":1,"featured_media":0,"parent":0,"menu_order":0,"comment_status":"closed","ping_status":"closed","template":"","meta":{"footnotes":""},"class_list":["post-19","page","type-page","status-publish","hentry"],"yoast_head":"<!-- This site is optimized with the Yoast SEO plugin v27.4 - https:\/\/yoast.com\/product\/yoast-seo-wordpress\/ -->\n<title>Therapie - Ern\u00e4hrungsberatung &amp; wissenschaftliche Information<\/title>\n<meta name=\"robots\" content=\"index, follow, max-snippet:-1, max-image-preview:large, max-video-preview:-1\" \/>\n<link rel=\"canonical\" href=\"https:\/\/ew-info.de\/?page_id=19\" \/>\n<meta property=\"og:locale\" content=\"de_DE\" \/>\n<meta property=\"og:type\" content=\"article\" \/>\n<meta property=\"og:title\" content=\"Therapie - Ern\u00e4hrungsberatung &amp; wissenschaftliche Information\" \/>\n<meta property=\"og:description\" content=\"Individuelle Beratung (Therapie \u00a7 43 SGB V) Beratung aufgrund einer \u00e4rztlichen Notwendigkeitsbescheinigung. Vorab ist eine Beantragung f\u00fcr die Kostenerstattung durch die Krankenkasse erforderlich, dazu erstelle ich Ihnen gerne einen Kostenvoranschlag. ...\" \/>\n<meta property=\"og:url\" content=\"https:\/\/ew-info.de\/?page_id=19\" \/>\n<meta property=\"og:site_name\" content=\"Ern\u00e4hrungsberatung &amp; wissenschaftliche Information\" \/>\n<meta property=\"article:modified_time\" content=\"2025-03-19T11:10:28+00:00\" \/>\n<meta property=\"og:image\" content=\"https:\/\/ew-info.de\/wp-content\/uploads\/E-Zert_Zertifizierte-Fachkraft_vs-4-300x255.png\" \/>\n<meta name=\"twitter:card\" content=\"summary_large_image\" \/>\n<script type=\"application\/ld+json\" class=\"yoast-schema-graph\">{\"@context\":\"https:\\\/\\\/schema.org\",\"@graph\":[{\"@type\":\"WebPage\",\"@id\":\"https:\\\/\\\/ew-info.de\\\/?page_id=19\",\"url\":\"https:\\\/\\\/ew-info.de\\\/?page_id=19\",\"name\":\"Therapie - Ern\u00e4hrungsberatung &amp; wissenschaftliche Information\",\"isPartOf\":{\"@id\":\"https:\\\/\\\/ew-info.de\\\/#website\"},\"primaryImageOfPage\":{\"@id\":\"https:\\\/\\\/ew-info.de\\\/?page_id=19#primaryimage\"},\"image\":{\"@id\":\"https:\\\/\\\/ew-info.de\\\/?page_id=19#primaryimage\"},\"thumbnailUrl\":\"https:\\\/\\\/ew-info.de\\\/wp-content\\\/uploads\\\/E-Zert_Zertifizierte-Fachkraft_vs-4-300x255.png\",\"datePublished\":\"2017-11-10T20:10:54+00:00\",\"dateModified\":\"2025-03-19T11:10:28+00:00\",\"breadcrumb\":{\"@id\":\"https:\\\/\\\/ew-info.de\\\/?page_id=19#breadcrumb\"},\"inLanguage\":\"de\",\"potentialAction\":[{\"@type\":\"ReadAction\",\"target\":[\"https:\\\/\\\/ew-info.de\\\/?page_id=19\"]}]},{\"@type\":\"ImageObject\",\"inLanguage\":\"de\",\"@id\":\"https:\\\/\\\/ew-info.de\\\/?page_id=19#primaryimage\",\"url\":\"https:\\\/\\\/ew-info.de\\\/wp-content\\\/uploads\\\/E-Zert_Zertifizierte-Fachkraft_vs-4.png\",\"contentUrl\":\"https:\\\/\\\/ew-info.de\\\/wp-content\\\/uploads\\\/E-Zert_Zertifizierte-Fachkraft_vs-4.png\",\"width\":684,\"height\":582,\"caption\":\"E-Zert-Logo\"},{\"@type\":\"BreadcrumbList\",\"@id\":\"https:\\\/\\\/ew-info.de\\\/?page_id=19#breadcrumb\",\"itemListElement\":[{\"@type\":\"ListItem\",\"position\":1,\"name\":\"Startseite\",\"item\":\"https:\\\/\\\/ew-info.de\\\/\"},{\"@type\":\"ListItem\",\"position\":2,\"name\":\"Therapie\"}]},{\"@type\":\"WebSite\",\"@id\":\"https:\\\/\\\/ew-info.de\\\/#website\",\"url\":\"https:\\\/\\\/ew-info.de\\\/\",\"name\":\"Ern\u00e4hrungsberatung wissenschaftliche Information\",\"description\":\"Ern\u00e4hrungsberatung und Ern\u00e4hrungstherapie\",\"publisher\":{\"@id\":\"https:\\\/\\\/ew-info.de\\\/#\\\/schema\\\/person\\\/324c7e122eef6719f6d03f9e19a193c2\"},\"potentialAction\":[{\"@type\":\"SearchAction\",\"target\":{\"@type\":\"EntryPoint\",\"urlTemplate\":\"https:\\\/\\\/ew-info.de\\\/?s={search_term_string}\"},\"query-input\":{\"@type\":\"PropertyValueSpecification\",\"valueRequired\":true,\"valueName\":\"search_term_string\"}}],\"inLanguage\":\"de\"},{\"@type\":[\"Person\",\"Organization\"],\"@id\":\"https:\\\/\\\/ew-info.de\\\/#\\\/schema\\\/person\\\/324c7e122eef6719f6d03f9e19a193c2\",\"name\":\"Daniela\",\"image\":{\"@type\":\"ImageObject\",\"inLanguage\":\"de\",\"@id\":\"https:\\\/\\\/ew-info.de\\\/wp-content\\\/uploads\\\/cropped-ewi_kl.gif\",\"url\":\"https:\\\/\\\/ew-info.de\\\/wp-content\\\/uploads\\\/cropped-ewi_kl.gif\",\"contentUrl\":\"https:\\\/\\\/ew-info.de\\\/wp-content\\\/uploads\\\/cropped-ewi_kl.gif\",\"width\":95,\"height\":116,\"caption\":\"Daniela\"},\"logo\":{\"@id\":\"https:\\\/\\\/ew-info.de\\\/wp-content\\\/uploads\\\/cropped-ewi_kl.gif\"},\"sameAs\":[\"https:\\\/\\\/ew-info.de\"]}]}<\/script>\n<!-- \/ Yoast SEO plugin. -->","yoast_head_json":{"title":"Therapie - Ern\u00e4hrungsberatung &amp; wissenschaftliche Information","robots":{"index":"index","follow":"follow","max-snippet":"max-snippet:-1","max-image-preview":"max-image-preview:large","max-video-preview":"max-video-preview:-1"},"canonical":"https:\/\/ew-info.de\/?page_id=19","og_locale":"de_DE","og_type":"article","og_title":"Therapie - Ern\u00e4hrungsberatung &amp; wissenschaftliche Information","og_description":"Individuelle Beratung (Therapie \u00a7 43 SGB V) Beratung aufgrund einer \u00e4rztlichen Notwendigkeitsbescheinigung. Vorab ist eine Beantragung f\u00fcr die Kostenerstattung durch die Krankenkasse erforderlich, dazu erstelle ich Ihnen gerne einen Kostenvoranschlag. ...","og_url":"https:\/\/ew-info.de\/?page_id=19","og_site_name":"Ern\u00e4hrungsberatung &amp; wissenschaftliche Information","article_modified_time":"2025-03-19T11:10:28+00:00","og_image":[{"url":"https:\/\/ew-info.de\/wp-content\/uploads\/E-Zert_Zertifizierte-Fachkraft_vs-4-300x255.png","type":"","width":"","height":""}],"twitter_card":"summary_large_image","schema":{"@context":"https:\/\/schema.org","@graph":[{"@type":"WebPage","@id":"https:\/\/ew-info.de\/?page_id=19","url":"https:\/\/ew-info.de\/?page_id=19","name":"Therapie - Ern\u00e4hrungsberatung &amp; wissenschaftliche Information","isPartOf":{"@id":"https:\/\/ew-info.de\/#website"},"primaryImageOfPage":{"@id":"https:\/\/ew-info.de\/?page_id=19#primaryimage"},"image":{"@id":"https:\/\/ew-info.de\/?page_id=19#primaryimage"},"thumbnailUrl":"https:\/\/ew-info.de\/wp-content\/uploads\/E-Zert_Zertifizierte-Fachkraft_vs-4-300x255.png","datePublished":"2017-11-10T20:10:54+00:00","dateModified":"2025-03-19T11:10:28+00:00","breadcrumb":{"@id":"https:\/\/ew-info.de\/?page_id=19#breadcrumb"},"inLanguage":"de","potentialAction":[{"@type":"ReadAction","target":["https:\/\/ew-info.de\/?page_id=19"]}]},{"@type":"ImageObject","inLanguage":"de","@id":"https:\/\/ew-info.de\/?page_id=19#primaryimage","url":"https:\/\/ew-info.de\/wp-content\/uploads\/E-Zert_Zertifizierte-Fachkraft_vs-4.png","contentUrl":"https:\/\/ew-info.de\/wp-content\/uploads\/E-Zert_Zertifizierte-Fachkraft_vs-4.png","width":684,"height":582,"caption":"E-Zert-Logo"},{"@type":"BreadcrumbList","@id":"https:\/\/ew-info.de\/?page_id=19#breadcrumb","itemListElement":[{"@type":"ListItem","position":1,"name":"Startseite","item":"https:\/\/ew-info.de\/"},{"@type":"ListItem","position":2,"name":"Therapie"}]},{"@type":"WebSite","@id":"https:\/\/ew-info.de\/#website","url":"https:\/\/ew-info.de\/","name":"Ern\u00e4hrungsberatung wissenschaftliche Information","description":"Ern\u00e4hrungsberatung und Ern\u00e4hrungstherapie","publisher":{"@id":"https:\/\/ew-info.de\/#\/schema\/person\/324c7e122eef6719f6d03f9e19a193c2"},"potentialAction":[{"@type":"SearchAction","target":{"@type":"EntryPoint","urlTemplate":"https:\/\/ew-info.de\/?s={search_term_string}"},"query-input":{"@type":"PropertyValueSpecification","valueRequired":true,"valueName":"search_term_string"}}],"inLanguage":"de"},{"@type":["Person","Organization"],"@id":"https:\/\/ew-info.de\/#\/schema\/person\/324c7e122eef6719f6d03f9e19a193c2","name":"Daniela","image":{"@type":"ImageObject","inLanguage":"de","@id":"https:\/\/ew-info.de\/wp-content\/uploads\/cropped-ewi_kl.gif","url":"https:\/\/ew-info.de\/wp-content\/uploads\/cropped-ewi_kl.gif","contentUrl":"https:\/\/ew-info.de\/wp-content\/uploads\/cropped-ewi_kl.gif","width":95,"height":116,"caption":"Daniela"},"logo":{"@id":"https:\/\/ew-info.de\/wp-content\/uploads\/cropped-ewi_kl.gif"},"sameAs":["https:\/\/ew-info.de"]}]}},"_links":{"self":[{"href":"https:\/\/ew-info.de\/index.php?rest_route=\/wp\/v2\/pages\/19","targetHints":{"allow":["GET"]}}],"collection":[{"href":"https:\/\/ew-info.de\/index.php?rest_route=\/wp\/v2\/pages"}],"about":[{"href":"https:\/\/ew-info.de\/index.php?rest_route=\/wp\/v2\/types\/page"}],"author":[{"embeddable":true,"href":"https:\/\/ew-info.de\/index.php?rest_route=\/wp\/v2\/users\/1"}],"replies":[{"embeddable":true,"href":"https:\/\/ew-info.de\/index.php?rest_route=%2Fwp%2Fv2%2Fcomments&post=19"}],"version-history":[{"count":23,"href":"https:\/\/ew-info.de\/index.php?rest_route=\/wp\/v2\/pages\/19\/revisions"}],"predecessor-version":[{"id":315,"href":"https:\/\/ew-info.de\/index.php?rest_route=\/wp\/v2\/pages\/19\/revisions\/315"}],"wp:attachment":[{"href":"https:\/\/ew-info.de\/index.php?rest_route=%2Fwp%2Fv2%2Fmedia&parent=19"}],"curies":[{"name":"wp","href":"https:\/\/api.w.org\/{rel}","templated":true}]}}