{"id":20,"date":"2017-11-10T21:09:53","date_gmt":"2017-11-10T20:09:53","guid":{"rendered":"http:\/\/127.0.0.1\/wordpress\/?page_id=20"},"modified":"2023-11-28T17:06:06","modified_gmt":"2023-11-28T16:06:06","slug":"vortragstaetigkeit","status":"publish","type":"page","link":"https:\/\/ew-info.de\/?page_id=20","title":{"rendered":"Vortragst\u00e4tigkeit"},"content":{"rendered":"<p>Sie m\u00f6chten einen Vortrag zum Thema Ern\u00e4hrung anbieten, z.B. im Verein, in Mutter-Kind-Gruppen?<\/p>\n<p>Gerne k\u00f6nnen Sie mich kontaktieren, um abzukl\u00e4ren, ob ich Sie unterst\u00fctzen kann.<\/p>\n<p><strong><em>Beispielthemen:<\/em><\/strong><\/p>\n<p>Beikost, Baby lead weaning, Kleinkindern\u00e4hrung, Kinderlebensmittel, stressfreier Familienesstisch<\/p>\n<p>Ern\u00e4hrung im jungen und h\u00f6heren Alter, Nahrungserg\u00e4nzungsmittel, Darmgesundheit, Lebergesundheit, Lebensqualit\u00e4t bis ins hohe Alter ist kein Zufall, \u00d6lwechsel gef\u00e4llig?<\/p>\n<p>Fragen Sie einfach nach, gerne kann ich noch andere Themen vorschlagen.<\/p>\n","protected":false},"excerpt":{"rendered":"<p>Sie m\u00f6chten einen Vortrag zum Thema Ern\u00e4hrung anbieten, z.B. im Verein, in Mutter-Kind-Gruppen? Gerne k\u00f6nnen Sie mich kontaktieren, um abzukl\u00e4ren, ob ich Sie unterst\u00fctzen kann. Beispielthemen: Beikost, Baby lead weaning, &#8230;<\/p>\n","protected":false},"author":1,"featured_media":0,"parent":0,"menu_order":0,"comment_status":"closed","ping_status":"closed","template":"","meta":{"footnotes":""},"class_list":["post-20","page","type-page","status-publish","hentry"],"yoast_head":"<!-- This site is optimized with the Yoast SEO plugin v27.4 - https:\/\/yoast.com\/product\/yoast-seo-wordpress\/ -->\n<title>Vortragst\u00e4tigkeit - Ern\u00e4hrungsberatung &amp; wissenschaftliche Information<\/title>\n<meta name=\"robots\" content=\"index, follow, max-snippet:-1, max-image-preview:large, max-video-preview:-1\" \/>\n<link rel=\"canonical\" href=\"https:\/\/ew-info.de\/?page_id=20\" \/>\n<meta property=\"og:locale\" content=\"de_DE\" \/>\n<meta property=\"og:type\" content=\"article\" \/>\n<meta property=\"og:title\" content=\"Vortragst\u00e4tigkeit - Ern\u00e4hrungsberatung &amp; wissenschaftliche Information\" \/>\n<meta property=\"og:description\" content=\"Sie m\u00f6chten einen Vortrag zum Thema Ern\u00e4hrung anbieten, z.B. im Verein, in Mutter-Kind-Gruppen? Gerne k\u00f6nnen Sie mich kontaktieren, um abzukl\u00e4ren, ob ich Sie unterst\u00fctzen kann. Beispielthemen: Beikost, Baby lead weaning, ...\" \/>\n<meta property=\"og:url\" content=\"https:\/\/ew-info.de\/?page_id=20\" \/>\n<meta property=\"og:site_name\" content=\"Ern\u00e4hrungsberatung &amp; wissenschaftliche Information\" \/>\n<meta property=\"article:modified_time\" content=\"2023-11-28T16:06:06+00:00\" \/>\n<meta name=\"twitter:card\" content=\"summary_large_image\" \/>\n<script type=\"application\/ld+json\" class=\"yoast-schema-graph\">{\"@context\":\"https:\\\/\\\/schema.org\",\"@graph\":[{\"@type\":\"WebPage\",\"@id\":\"https:\\\/\\\/ew-info.de\\\/?page_id=20\",\"url\":\"https:\\\/\\\/ew-info.de\\\/?page_id=20\",\"name\":\"Vortragst\u00e4tigkeit - Ern\u00e4hrungsberatung &amp; wissenschaftliche Information\",\"isPartOf\":{\"@id\":\"https:\\\/\\\/ew-info.de\\\/#website\"},\"datePublished\":\"2017-11-10T20:09:53+00:00\",\"dateModified\":\"2023-11-28T16:06:06+00:00\",\"breadcrumb\":{\"@id\":\"https:\\\/\\\/ew-info.de\\\/?page_id=20#breadcrumb\"},\"inLanguage\":\"de\",\"potentialAction\":[{\"@type\":\"ReadAction\",\"target\":[\"https:\\\/\\\/ew-info.de\\\/?page_id=20\"]}]},{\"@type\":\"BreadcrumbList\",\"@id\":\"https:\\\/\\\/ew-info.de\\\/?page_id=20#breadcrumb\",\"itemListElement\":[{\"@type\":\"ListItem\",\"position\":1,\"name\":\"Startseite\",\"item\":\"https:\\\/\\\/ew-info.de\\\/\"},{\"@type\":\"ListItem\",\"position\":2,\"name\":\"Vortragst\u00e4tigkeit\"}]},{\"@type\":\"WebSite\",\"@id\":\"https:\\\/\\\/ew-info.de\\\/#website\",\"url\":\"https:\\\/\\\/ew-info.de\\\/\",\"name\":\"Ern\u00e4hrungsberatung wissenschaftliche Information\",\"description\":\"Ern\u00e4hrungsberatung und Ern\u00e4hrungstherapie\",\"publisher\":{\"@id\":\"https:\\\/\\\/ew-info.de\\\/#\\\/schema\\\/person\\\/324c7e122eef6719f6d03f9e19a193c2\"},\"potentialAction\":[{\"@type\":\"SearchAction\",\"target\":{\"@type\":\"EntryPoint\",\"urlTemplate\":\"https:\\\/\\\/ew-info.de\\\/?s={search_term_string}\"},\"query-input\":{\"@type\":\"PropertyValueSpecification\",\"valueRequired\":true,\"valueName\":\"search_term_string\"}}],\"inLanguage\":\"de\"},{\"@type\":[\"Person\",\"Organization\"],\"@id\":\"https:\\\/\\\/ew-info.de\\\/#\\\/schema\\\/person\\\/324c7e122eef6719f6d03f9e19a193c2\",\"name\":\"Daniela\",\"image\":{\"@type\":\"ImageObject\",\"inLanguage\":\"de\",\"@id\":\"https:\\\/\\\/ew-info.de\\\/wp-content\\\/uploads\\\/cropped-ewi_kl.gif\",\"url\":\"https:\\\/\\\/ew-info.de\\\/wp-content\\\/uploads\\\/cropped-ewi_kl.gif\",\"contentUrl\":\"https:\\\/\\\/ew-info.de\\\/wp-content\\\/uploads\\\/cropped-ewi_kl.gif\",\"width\":95,\"height\":116,\"caption\":\"Daniela\"},\"logo\":{\"@id\":\"https:\\\/\\\/ew-info.de\\\/wp-content\\\/uploads\\\/cropped-ewi_kl.gif\"},\"sameAs\":[\"https:\\\/\\\/ew-info.de\"]}]}<\/script>\n<!-- \/ Yoast SEO plugin. -->","yoast_head_json":{"title":"Vortragst\u00e4tigkeit - Ern\u00e4hrungsberatung &amp; wissenschaftliche Information","robots":{"index":"index","follow":"follow","max-snippet":"max-snippet:-1","max-image-preview":"max-image-preview:large","max-video-preview":"max-video-preview:-1"},"canonical":"https:\/\/ew-info.de\/?page_id=20","og_locale":"de_DE","og_type":"article","og_title":"Vortragst\u00e4tigkeit - Ern\u00e4hrungsberatung &amp; wissenschaftliche Information","og_description":"Sie m\u00f6chten einen Vortrag zum Thema Ern\u00e4hrung anbieten, z.B. im Verein, in Mutter-Kind-Gruppen? Gerne k\u00f6nnen Sie mich kontaktieren, um abzukl\u00e4ren, ob ich Sie unterst\u00fctzen kann. Beispielthemen: Beikost, Baby lead weaning, ...","og_url":"https:\/\/ew-info.de\/?page_id=20","og_site_name":"Ern\u00e4hrungsberatung &amp; wissenschaftliche Information","article_modified_time":"2023-11-28T16:06:06+00:00","twitter_card":"summary_large_image","schema":{"@context":"https:\/\/schema.org","@graph":[{"@type":"WebPage","@id":"https:\/\/ew-info.de\/?page_id=20","url":"https:\/\/ew-info.de\/?page_id=20","name":"Vortragst\u00e4tigkeit - Ern\u00e4hrungsberatung &amp; wissenschaftliche Information","isPartOf":{"@id":"https:\/\/ew-info.de\/#website"},"datePublished":"2017-11-10T20:09:53+00:00","dateModified":"2023-11-28T16:06:06+00:00","breadcrumb":{"@id":"https:\/\/ew-info.de\/?page_id=20#breadcrumb"},"inLanguage":"de","potentialAction":[{"@type":"ReadAction","target":["https:\/\/ew-info.de\/?page_id=20"]}]},{"@type":"BreadcrumbList","@id":"https:\/\/ew-info.de\/?page_id=20#breadcrumb","itemListElement":[{"@type":"ListItem","position":1,"name":"Startseite","item":"https:\/\/ew-info.de\/"},{"@type":"ListItem","position":2,"name":"Vortragst\u00e4tigkeit"}]},{"@type":"WebSite","@id":"https:\/\/ew-info.de\/#website","url":"https:\/\/ew-info.de\/","name":"Ern\u00e4hrungsberatung wissenschaftliche Information","description":"Ern\u00e4hrungsberatung und Ern\u00e4hrungstherapie","publisher":{"@id":"https:\/\/ew-info.de\/#\/schema\/person\/324c7e122eef6719f6d03f9e19a193c2"},"potentialAction":[{"@type":"SearchAction","target":{"@type":"EntryPoint","urlTemplate":"https:\/\/ew-info.de\/?s={search_term_string}"},"query-input":{"@type":"PropertyValueSpecification","valueRequired":true,"valueName":"search_term_string"}}],"inLanguage":"de"},{"@type":["Person","Organization"],"@id":"https:\/\/ew-info.de\/#\/schema\/person\/324c7e122eef6719f6d03f9e19a193c2","name":"Daniela","image":{"@type":"ImageObject","inLanguage":"de","@id":"https:\/\/ew-info.de\/wp-content\/uploads\/cropped-ewi_kl.gif","url":"https:\/\/ew-info.de\/wp-content\/uploads\/cropped-ewi_kl.gif","contentUrl":"https:\/\/ew-info.de\/wp-content\/uploads\/cropped-ewi_kl.gif","width":95,"height":116,"caption":"Daniela"},"logo":{"@id":"https:\/\/ew-info.de\/wp-content\/uploads\/cropped-ewi_kl.gif"},"sameAs":["https:\/\/ew-info.de"]}]}},"_links":{"self":[{"href":"https:\/\/ew-info.de\/index.php?rest_route=\/wp\/v2\/pages\/20","targetHints":{"allow":["GET"]}}],"collection":[{"href":"https:\/\/ew-info.de\/index.php?rest_route=\/wp\/v2\/pages"}],"about":[{"href":"https:\/\/ew-info.de\/index.php?rest_route=\/wp\/v2\/types\/page"}],"author":[{"embeddable":true,"href":"https:\/\/ew-info.de\/index.php?rest_route=\/wp\/v2\/users\/1"}],"replies":[{"embeddable":true,"href":"https:\/\/ew-info.de\/index.php?rest_route=%2Fwp%2Fv2%2Fcomments&post=20"}],"version-history":[{"count":2,"href":"https:\/\/ew-info.de\/index.php?rest_route=\/wp\/v2\/pages\/20\/revisions"}],"predecessor-version":[{"id":260,"href":"https:\/\/ew-info.de\/index.php?rest_route=\/wp\/v2\/pages\/20\/revisions\/260"}],"wp:attachment":[{"href":"https:\/\/ew-info.de\/index.php?rest_route=%2Fwp%2Fv2%2Fmedia&parent=20"}],"curies":[{"name":"wp","href":"https:\/\/api.w.org\/{rel}","templated":true}]}}