{"id":30,"date":"2017-11-10T21:16:22","date_gmt":"2017-11-10T20:16:22","guid":{"rendered":"http:\/\/127.0.0.1\/wordpress\/?page_id=27"},"modified":"2025-03-19T10:53:36","modified_gmt":"2025-03-19T09:53:36","slug":"startseite","status":"publish","type":"page","link":"https:\/\/ew-info.de\/","title":{"rendered":"Willkommen!"},"content":{"rendered":"\n<div class=\"wp-block-image\"><figure class=\"alignright size-large is-resized\"><img loading=\"lazy\" decoding=\"async\" src=\"https:\/\/ew-info.de\/wp-content\/uploads\/Photo-Website-Jan-2025.png\" alt=\"\" class=\"wp-image-298\" width=\"141\" height=\"164\" srcset=\"https:\/\/ew-info.de\/wp-content\/uploads\/Photo-Website-Jan-2025.png 563w, https:\/\/ew-info.de\/wp-content\/uploads\/Photo-Website-Jan-2025-258x300.png 258w\" sizes=\"auto, (max-width: 141px) 100vw, 141px\" \/><\/figure><\/div>\n\n\n\n<p>Sie interessieren sich f\u00fcr Ern\u00e4hrungsthemen oder Sie ben\u00f6tigen eine Ern\u00e4hrungsberatung?\u00a0<\/p>\n<p>Auch wenn es oft kompliziert klingt, ist eine individuelle &#8222;gesunde Ern\u00e4hrung&#8220; gar nicht so schwer. Wichtig ist eine ausreichende S\u00e4ttigung bei jeder Mahlzeit, wobei auch die sensorische Befriedigung eine gro\u00dfe Bedeutung hat. Nur eine genussvolle Ern\u00e4hrung, die keine Verbote kennt, ist als Dauerern\u00e4hrung geeignet.<\/p>\n<p>Mein Ziel: Sie zu unterst\u00fctzen, diese Ern\u00e4hrungsweise f\u00fcr sich zu finden, so dass Sie Gesundheit, Genuss und Zufriedenheit nicht mehr als Gegens\u00e4tze erleben m\u00fcssen. Ich m\u00f6chte Sie motivieren, Ihre Ern\u00e4hrung umzustellen mit dem Ergebnis, dass Sie sich gar nicht mehr zu Ihren alte Gewohnheiten zur\u00fccksehnen, weil Sie sich so viel besser f\u00fchlen!<\/p>\n<p>Manche Erkrankungen machen nat\u00fcrlich das Meiden bestimmter Lebensmittel erforderlich. Auch hier versuche ich, Sie bei der Ern\u00e4hrungsumstellung so zu begleiten, dass Essen trotzdem Genuss bleibt!<\/p>\n<p>Wenn Sie Fragen haben, rufen Sie mich einfach an!<\/p>\n<p>Ihre Daniela Muhr-Becker<\/p>\n","protected":false},"excerpt":{"rendered":"<p>Sie interessieren sich f\u00fcr Ern\u00e4hrungsthemen oder Sie ben\u00f6tigen eine Ern\u00e4hrungsberatung?\u00a0 Auch wenn es oft kompliziert klingt, ist eine individuelle &#8222;gesunde Ern\u00e4hrung&#8220; gar nicht so schwer. Wichtig ist eine ausreichende S\u00e4ttigung &#8230;<\/p>\n","protected":false},"author":1,"featured_media":0,"parent":0,"menu_order":0,"comment_status":"closed","ping_status":"closed","template":"","meta":{"footnotes":""},"class_list":["post-30","page","type-page","status-publish","hentry"],"yoast_head":"<!-- This site is optimized with the Yoast SEO plugin v27.4 - https:\/\/yoast.com\/product\/yoast-seo-wordpress\/ -->\n<title>Willkommen! - Ern\u00e4hrungsberatung &amp; wissenschaftliche Information<\/title>\n<meta name=\"robots\" content=\"index, follow, max-snippet:-1, max-image-preview:large, max-video-preview:-1\" \/>\n<link rel=\"canonical\" href=\"https:\/\/ew-info.de\/\" \/>\n<meta property=\"og:locale\" content=\"de_DE\" \/>\n<meta property=\"og:type\" content=\"article\" \/>\n<meta property=\"og:title\" content=\"Willkommen! - Ern\u00e4hrungsberatung &amp; wissenschaftliche Information\" \/>\n<meta property=\"og:description\" content=\"Sie interessieren sich f\u00fcr Ern\u00e4hrungsthemen oder Sie ben\u00f6tigen eine Ern\u00e4hrungsberatung?\u00a0 Auch wenn es oft kompliziert klingt, ist eine individuelle &#8222;gesunde Ern\u00e4hrung&#8220; gar nicht so schwer. Wichtig ist eine ausreichende S\u00e4ttigung ...\" \/>\n<meta property=\"og:url\" content=\"https:\/\/ew-info.de\/\" \/>\n<meta property=\"og:site_name\" content=\"Ern\u00e4hrungsberatung &amp; wissenschaftliche Information\" \/>\n<meta property=\"article:modified_time\" content=\"2025-03-19T09:53:36+00:00\" \/>\n<meta property=\"og:image\" content=\"https:\/\/ew-info.de\/wp-content\/uploads\/Photo-Website-Jan-2025.png\" \/>\n<meta name=\"twitter:card\" content=\"summary_large_image\" \/>\n<meta name=\"twitter:label1\" content=\"Gesch\u00e4tzte Lesezeit\" \/>\n\t<meta name=\"twitter:data1\" content=\"1\u00a0Minute\" \/>\n<script type=\"application\/ld+json\" class=\"yoast-schema-graph\">{\"@context\":\"https:\\\/\\\/schema.org\",\"@graph\":[{\"@type\":\"WebPage\",\"@id\":\"https:\\\/\\\/ew-info.de\\\/\",\"url\":\"https:\\\/\\\/ew-info.de\\\/\",\"name\":\"Willkommen! - Ern\u00e4hrungsberatung &amp; wissenschaftliche Information\",\"isPartOf\":{\"@id\":\"https:\\\/\\\/ew-info.de\\\/#website\"},\"primaryImageOfPage\":{\"@id\":\"https:\\\/\\\/ew-info.de\\\/#primaryimage\"},\"image\":{\"@id\":\"https:\\\/\\\/ew-info.de\\\/#primaryimage\"},\"thumbnailUrl\":\"https:\\\/\\\/ew-info.de\\\/wp-content\\\/uploads\\\/Photo-Website-Jan-2025.png\",\"datePublished\":\"2017-11-10T20:16:22+00:00\",\"dateModified\":\"2025-03-19T09:53:36+00:00\",\"breadcrumb\":{\"@id\":\"https:\\\/\\\/ew-info.de\\\/#breadcrumb\"},\"inLanguage\":\"de\",\"potentialAction\":[{\"@type\":\"ReadAction\",\"target\":[\"https:\\\/\\\/ew-info.de\\\/\"]}]},{\"@type\":\"ImageObject\",\"inLanguage\":\"de\",\"@id\":\"https:\\\/\\\/ew-info.de\\\/#primaryimage\",\"url\":\"https:\\\/\\\/ew-info.de\\\/wp-content\\\/uploads\\\/Photo-Website-Jan-2025.png\",\"contentUrl\":\"https:\\\/\\\/ew-info.de\\\/wp-content\\\/uploads\\\/Photo-Website-Jan-2025.png\",\"width\":563,\"height\":655},{\"@type\":\"BreadcrumbList\",\"@id\":\"https:\\\/\\\/ew-info.de\\\/#breadcrumb\",\"itemListElement\":[{\"@type\":\"ListItem\",\"position\":1,\"name\":\"Startseite\",\"item\":\"https:\\\/\\\/ew-info.de\\\/\"},{\"@type\":\"ListItem\",\"position\":2,\"name\":\"Willkommen!\"}]},{\"@type\":\"WebSite\",\"@id\":\"https:\\\/\\\/ew-info.de\\\/#website\",\"url\":\"https:\\\/\\\/ew-info.de\\\/\",\"name\":\"Ern\u00e4hrungsberatung wissenschaftliche Information\",\"description\":\"Ern\u00e4hrungsberatung und Ern\u00e4hrungstherapie\",\"publisher\":{\"@id\":\"https:\\\/\\\/ew-info.de\\\/#\\\/schema\\\/person\\\/324c7e122eef6719f6d03f9e19a193c2\"},\"potentialAction\":[{\"@type\":\"SearchAction\",\"target\":{\"@type\":\"EntryPoint\",\"urlTemplate\":\"https:\\\/\\\/ew-info.de\\\/?s={search_term_string}\"},\"query-input\":{\"@type\":\"PropertyValueSpecification\",\"valueRequired\":true,\"valueName\":\"search_term_string\"}}],\"inLanguage\":\"de\"},{\"@type\":[\"Person\",\"Organization\"],\"@id\":\"https:\\\/\\\/ew-info.de\\\/#\\\/schema\\\/person\\\/324c7e122eef6719f6d03f9e19a193c2\",\"name\":\"Daniela\",\"image\":{\"@type\":\"ImageObject\",\"inLanguage\":\"de\",\"@id\":\"https:\\\/\\\/ew-info.de\\\/wp-content\\\/uploads\\\/cropped-ewi_kl.gif\",\"url\":\"https:\\\/\\\/ew-info.de\\\/wp-content\\\/uploads\\\/cropped-ewi_kl.gif\",\"contentUrl\":\"https:\\\/\\\/ew-info.de\\\/wp-content\\\/uploads\\\/cropped-ewi_kl.gif\",\"width\":95,\"height\":116,\"caption\":\"Daniela\"},\"logo\":{\"@id\":\"https:\\\/\\\/ew-info.de\\\/wp-content\\\/uploads\\\/cropped-ewi_kl.gif\"},\"sameAs\":[\"https:\\\/\\\/ew-info.de\"]}]}<\/script>\n<!-- \/ Yoast SEO plugin. -->","yoast_head_json":{"title":"Willkommen! - Ern\u00e4hrungsberatung &amp; wissenschaftliche Information","robots":{"index":"index","follow":"follow","max-snippet":"max-snippet:-1","max-image-preview":"max-image-preview:large","max-video-preview":"max-video-preview:-1"},"canonical":"https:\/\/ew-info.de\/","og_locale":"de_DE","og_type":"article","og_title":"Willkommen! - Ern\u00e4hrungsberatung &amp; wissenschaftliche Information","og_description":"Sie interessieren sich f\u00fcr Ern\u00e4hrungsthemen oder Sie ben\u00f6tigen eine Ern\u00e4hrungsberatung?\u00a0 Auch wenn es oft kompliziert klingt, ist eine individuelle &#8222;gesunde Ern\u00e4hrung&#8220; gar nicht so schwer. Wichtig ist eine ausreichende S\u00e4ttigung ...","og_url":"https:\/\/ew-info.de\/","og_site_name":"Ern\u00e4hrungsberatung &amp; wissenschaftliche Information","article_modified_time":"2025-03-19T09:53:36+00:00","og_image":[{"url":"https:\/\/ew-info.de\/wp-content\/uploads\/Photo-Website-Jan-2025.png","type":"","width":"","height":""}],"twitter_card":"summary_large_image","twitter_misc":{"Gesch\u00e4tzte Lesezeit":"1\u00a0Minute"},"schema":{"@context":"https:\/\/schema.org","@graph":[{"@type":"WebPage","@id":"https:\/\/ew-info.de\/","url":"https:\/\/ew-info.de\/","name":"Willkommen! - Ern\u00e4hrungsberatung &amp; wissenschaftliche Information","isPartOf":{"@id":"https:\/\/ew-info.de\/#website"},"primaryImageOfPage":{"@id":"https:\/\/ew-info.de\/#primaryimage"},"image":{"@id":"https:\/\/ew-info.de\/#primaryimage"},"thumbnailUrl":"https:\/\/ew-info.de\/wp-content\/uploads\/Photo-Website-Jan-2025.png","datePublished":"2017-11-10T20:16:22+00:00","dateModified":"2025-03-19T09:53:36+00:00","breadcrumb":{"@id":"https:\/\/ew-info.de\/#breadcrumb"},"inLanguage":"de","potentialAction":[{"@type":"ReadAction","target":["https:\/\/ew-info.de\/"]}]},{"@type":"ImageObject","inLanguage":"de","@id":"https:\/\/ew-info.de\/#primaryimage","url":"https:\/\/ew-info.de\/wp-content\/uploads\/Photo-Website-Jan-2025.png","contentUrl":"https:\/\/ew-info.de\/wp-content\/uploads\/Photo-Website-Jan-2025.png","width":563,"height":655},{"@type":"BreadcrumbList","@id":"https:\/\/ew-info.de\/#breadcrumb","itemListElement":[{"@type":"ListItem","position":1,"name":"Startseite","item":"https:\/\/ew-info.de\/"},{"@type":"ListItem","position":2,"name":"Willkommen!"}]},{"@type":"WebSite","@id":"https:\/\/ew-info.de\/#website","url":"https:\/\/ew-info.de\/","name":"Ern\u00e4hrungsberatung wissenschaftliche Information","description":"Ern\u00e4hrungsberatung und Ern\u00e4hrungstherapie","publisher":{"@id":"https:\/\/ew-info.de\/#\/schema\/person\/324c7e122eef6719f6d03f9e19a193c2"},"potentialAction":[{"@type":"SearchAction","target":{"@type":"EntryPoint","urlTemplate":"https:\/\/ew-info.de\/?s={search_term_string}"},"query-input":{"@type":"PropertyValueSpecification","valueRequired":true,"valueName":"search_term_string"}}],"inLanguage":"de"},{"@type":["Person","Organization"],"@id":"https:\/\/ew-info.de\/#\/schema\/person\/324c7e122eef6719f6d03f9e19a193c2","name":"Daniela","image":{"@type":"ImageObject","inLanguage":"de","@id":"https:\/\/ew-info.de\/wp-content\/uploads\/cropped-ewi_kl.gif","url":"https:\/\/ew-info.de\/wp-content\/uploads\/cropped-ewi_kl.gif","contentUrl":"https:\/\/ew-info.de\/wp-content\/uploads\/cropped-ewi_kl.gif","width":95,"height":116,"caption":"Daniela"},"logo":{"@id":"https:\/\/ew-info.de\/wp-content\/uploads\/cropped-ewi_kl.gif"},"sameAs":["https:\/\/ew-info.de"]}]}},"_links":{"self":[{"href":"https:\/\/ew-info.de\/index.php?rest_route=\/wp\/v2\/pages\/30","targetHints":{"allow":["GET"]}}],"collection":[{"href":"https:\/\/ew-info.de\/index.php?rest_route=\/wp\/v2\/pages"}],"about":[{"href":"https:\/\/ew-info.de\/index.php?rest_route=\/wp\/v2\/types\/page"}],"author":[{"embeddable":true,"href":"https:\/\/ew-info.de\/index.php?rest_route=\/wp\/v2\/users\/1"}],"replies":[{"embeddable":true,"href":"https:\/\/ew-info.de\/index.php?rest_route=%2Fwp%2Fv2%2Fcomments&post=30"}],"version-history":[{"count":11,"href":"https:\/\/ew-info.de\/index.php?rest_route=\/wp\/v2\/pages\/30\/revisions"}],"predecessor-version":[{"id":299,"href":"https:\/\/ew-info.de\/index.php?rest_route=\/wp\/v2\/pages\/30\/revisions\/299"}],"wp:attachment":[{"href":"https:\/\/ew-info.de\/index.php?rest_route=%2Fwp%2Fv2%2Fmedia&parent=30"}],"curies":[{"name":"wp","href":"https:\/\/api.w.org\/{rel}","templated":true}]}}